{"id":4920,"date":"2025-03-13T08:55:41","date_gmt":"2025-03-13T07:55:41","guid":{"rendered":"https:\/\/www.theis-feinwerktechnik.de\/funnel\/?page_id=4920"},"modified":"2026-02-09T07:43:51","modified_gmt":"2026-02-09T06:43:51","slug":"sonderanfertigung-formular","status":"publish","type":"page","link":"https:\/\/www.theis-feinwerktechnik.de\/funnel\/sonderfertigung\/sonderanfertigung-formular\/","title":{"rendered":"SONDERANFERTIGUNG Formular"},"content":{"rendered":"<p>[et_pb_section fb_built=&#8220;1&#8243; _builder_version=&#8220;4.27.4&#8243; _module_preset=&#8220;default&#8220; global_colors_info=&#8220;{}&#8220;][et_pb_row _builder_version=&#8220;4.27.4&#8243; _module_preset=&#8220;default&#8220; global_colors_info=&#8220;{}&#8220;][et_pb_column type=&#8220;4_4&#8243; _builder_version=&#8220;4.27.4&#8243; _module_preset=&#8220;default&#8220; global_colors_info=&#8220;{}&#8220;][et_pb_text _builder_version=&#8220;4.27.4&#8243; _module_preset=&#8220;default&#8220; text_orientation=&#8220;center&#8220; custom_margin=&#8220;||0px||false|false&#8220; custom_padding=&#8220;||0px||false|false&#8220; global_colors_info=&#8220;{}&#8220;]<\/p>\n<p>Fast geschafft, letzter Schritt!<\/p>\n<p>[\/et_pb_text][et_pb_text _builder_version=&#8220;4.27.4&#8243; _module_preset=&#8220;default&#8220; header_font_last_edited=&#8220;off|phone&#8220; header_font_size_tablet=&#8220;1.5rem&#8220; header_font_size_phone=&#8220;1.5rem&#8220; header_font_size_last_edited=&#8220;on|desktop&#8220; global_colors_info=&#8220;{}&#8220;]<\/p>\n<h1 style=\"text-align: center;\"><span>Teilen Sie uns Ihre Kontaktdaten und Dateien mit \u2013 wir melden uns umgehend bei Ihnen.<\/span><\/h1>\n<p>[\/et_pb_text][dvppl_cf7_styler cf7=&#8220;4989&#8243; form_background_color=&#8220;#efefef&#8220; form_field_padding_last_edited=&#8220;off|desktop&#8220; form_field_spacing_tablet=&#8220;&#8220; form_field_spacing_phone=&#8220;&#8220; form_field_spacing_last_edited=&#8220;on|desktop&#8220; _builder_version=&#8220;4.27.4&#8243; _module_preset=&#8220;default&#8220; custom_submit_button=&#8220;on&#8220; submit_button_text_color=&#8220;#FFFFFF&#8220; submit_button_bg_color=&#8220;#A0B212&#8243; submit_button_border_width=&#8220;5px&#8220; submit_button_border_color=&#8220;#A0B212&#8243; submit_button_border_radius=&#8220;5px&#8220; submit_button_custom_margin=&#8220;1rem||||false|false&#8220; submit_button_custom_margin_tablet=&#8220;1rem||||false|false&#8220; submit_button_custom_margin_phone=&#8220;1rem||||false|false&#8220; submit_button_custom_margin_last_edited=&#8220;on|desktop&#8220; hover_enabled=&#8220;0&#8243; border_color_all_field=&#8220;#efefef&#8220; global_colors_info=&#8220;{}&#8220; sticky_enabled=&#8220;0&#8243;][\/dvppl_cf7_styler][et_pb_code module_id=&#8220;private-alert&#8220; _builder_version=&#8220;4.21.0&#8243; _module_preset=&#8220;default&#8220; background_color=&#8220;#f06775&#8243; text_orientation=&#8220;center&#8220; width=&#8220;50%&#8220; module_alignment=&#8220;center&#8220; custom_margin=&#8220;1rem|2rem|1rem|2rem|false|false&#8220; custom_padding=&#8220;1rem|2rem|1rem|2rem|false|false&#8220; hover_enabled=&#8220;0&#8243; custom_css_main_element=&#8220;color:white;||font-weight: bold;||display:none;&#8220; global_colors_info=&#8220;{}&#8220; sticky_enabled=&#8220;0&#8243; locked=&#8220;off&#8220;]<\/p>\n<div><!-- [et_pb_line_break_holder] -->  <pee><!-- [et_pb_line_break_holder] -->    Vielen Dank f\u00fcr Ihre Anfrage. Leider m\u00fcssen wir Ihnen mitteilen, dass dieses Produkt ausschlie\u00dflich f\u00fcr den gewerblichen Einsatz vorgesehen ist.<!-- [et_pb_line_break_holder] -->  <\/pee><!-- [et_pb_line_break_holder] --><\/div>\n<p>[\/et_pb_code][\/et_pb_column][\/et_pb_row][\/et_pb_section]<\/p>\n","protected":false},"excerpt":{"rendered":"<p>Fast geschafft, letzter Schritt!Teilen Sie uns Ihre Kontaktdaten und Dateien mit \u2013 wir melden uns umgehend bei Ihnen.<div class=\"et_pb_with_border et_pb_module dvppl_cf7_styler dvppl_cf7_styler_0\">\n\t\t\t\t\n\t\t\t\t\n\t\t\t\t\n\t\t\t\t\n\t\t\t\t\n\t\t\t\t\n\t\t\t\t<div class=\"et_pb_module_inner\">\n\t\t\t\t\t<div class=\"dipe-cf7-container dipe-cf7-button-left\">\n\t\t\t\t\n\t\t\t\t<div class=\"dipe-cf7 dipe-cf7-styler \">\n\t\t\t\t\t\n<div class=\"wpcf7 no-js\" id=\"wpcf7-f4989-o1\" lang=\"de-DE\" dir=\"ltr\" data-wpcf7-id=\"4989\">\n<div class=\"screen-reader-response\"><p role=\"status\" aria-live=\"polite\" aria-atomic=\"true\"><\/p> <ul><\/ul><\/div>\n<form action=\"\/funnel\/wp-json\/wp\/v2\/pages\/4920#wpcf7-f4989-o1\" method=\"post\" class=\"wpcf7-form init\" aria-label=\"Kontaktformular\" novalidate=\"novalidate\" data-status=\"init\">\n<fieldset class=\"hidden-fields-container\"><input type=\"hidden\" name=\"_wpcf7\" value=\"4989\" \/><input type=\"hidden\" name=\"_wpcf7_version\" value=\"6.1.5\" \/><input type=\"hidden\" name=\"_wpcf7_locale\" value=\"de_DE\" \/><input type=\"hidden\" name=\"_wpcf7_unit_tag\" value=\"wpcf7-f4989-o1\" \/><input type=\"hidden\" name=\"_wpcf7_container_post\" value=\"0\" \/><input type=\"hidden\" name=\"_wpcf7_posted_data_hash\" value=\"\" \/>\n<\/fieldset>\n<div class=\"cf7m-row\">\n  <!-- Left column: input fields -->\n  <div class=\"cf7m-col cf7m-col-12 cf7m-col-md-6 cf7m-col-lg-6\">\n<h2>Ihre Kontaktdaten<\/h2>\n    <label>Ihre Branche:\n  <span class=\"wpcf7-form-control-wrap\" data-name=\"select-885\"><select class=\"wpcf7-form-control wpcf7-select wpcf7-validates-as-required\" aria-required=\"true\" aria-invalid=\"false\" name=\"select-885\"><option value=\"\">Bitte ausw\u00e4hlen<\/option><option value=\"Automotive\">Automotive<\/option><option value=\"Optronik\/Sensorik\">Optronik\/Sensorik<\/option><option value=\"Optik\">Optik<\/option><option value=\"Medizintechnik\">Medizintechnik<\/option><option value=\"Dentaltechnik\">Dentaltechnik<\/option><option value=\"Lasertechnik\">Lasertechnik<\/option><option value=\"Verteidigungsindustrie\">Verteidigungsindustrie<\/option><option value=\"Sanit\u00e4r- und Heizungstechnik\">Sanit\u00e4r- und Heizungstechnik<\/option><option value=\"Maschinen- und Anlagenbau\">Maschinen- und Anlagenbau<\/option><option value=\"Modellbau\">Modellbau<\/option><option value=\"Vorrichtungsbau\">Vorrichtungsbau<\/option><option value=\"Luftfahrt\">Luftfahrt<\/option><option value=\"Lebensmittelindustrie\">Lebensmittelindustrie<\/option><option value=\"Halbleiterindustrie\">Halbleiterindustrie<\/option><option value=\"Sonstige\">Sonstige<\/option><option value=\"Privatnutzung\">Privatnutzung<\/option><\/select><\/span>\n<\/label>\n\n    <label>Ihr Wunschliefertermin <small>(optional)<\/small>:\n      <span class=\"wpcf7-form-control-wrap\" data-name=\"date-524\"><input class=\"wpcf7-form-control wpcf7-date wpcf7-validates-as-date\" aria-invalid=\"false\" value=\"\" type=\"date\" name=\"date-524\" \/><\/span>\n    <\/label>\n\n    <label>Ihr Name*:\n      <span class=\"wpcf7-form-control-wrap\" data-name=\"text-440\"><input size=\"40\" maxlength=\"50\" class=\"wpcf7-form-control wpcf7-text wpcf7-validates-as-required\" autocomplete=\"name\" aria-required=\"true\" aria-invalid=\"false\" value=\"\" type=\"text\" name=\"text-440\" \/><\/span>\n    <\/label>\n\n    <label>Ihre E-Mail-Adresse*:\n      <span class=\"wpcf7-form-control-wrap\" data-name=\"your-email\"><input size=\"40\" maxlength=\"400\" class=\"wpcf7-form-control wpcf7-email wpcf7-validates-as-required wpcf7-text wpcf7-validates-as-email\" autocomplete=\"email\" aria-required=\"true\" aria-invalid=\"false\" value=\"\" type=\"email\" name=\"your-email\" \/><\/span>\n    <\/label>\n\n    <label>Firma*:\n      <span class=\"wpcf7-form-control-wrap\" data-name=\"text-492\"><input size=\"40\" maxlength=\"50\" class=\"wpcf7-form-control wpcf7-text wpcf7-validates-as-required\" aria-required=\"true\" aria-invalid=\"false\" value=\"\" type=\"text\" name=\"text-492\" \/><\/span>\n    <\/label>\n\n    <label>Betreff <small>(optional)<\/small>:\n      <span class=\"wpcf7-form-control-wrap\" data-name=\"your-subject\"><input size=\"40\" maxlength=\"400\" class=\"wpcf7-form-control wpcf7-text\" aria-invalid=\"false\" value=\"\" type=\"text\" name=\"your-subject\" \/><\/span>\n    <\/label>\n\n    <label>Ihre Nachricht <small>(optional)<\/small>:\n      <span class=\"wpcf7-form-control-wrap\" data-name=\"nachricht\"><textarea cols=\"40\" rows=\"10\" maxlength=\"2000\" class=\"wpcf7-form-control wpcf7-textarea\" aria-invalid=\"false\" name=\"nachricht\"><\/textarea><\/span>\n    <\/label>\n  <\/div>\n\n  <!-- Right column: upload section -->\n  <div class=\"cf7m-col cf7m-col-12 cf7m-col-md-6 cf7m-col-lg-6\">\n    <h2>Dateiupload 3D Modelle\/Zeichnungen <small>(optional)<\/small><\/h2>\n    <p>Gerne k\u00f6nnen Sie uns schon jetzt Daten f\u00fcr das Angebot \u00fcbermitteln \u2013 ziehen Sie diese einfach per Drag-and-Drop in das Feld.<\/p>\n\n    <span class=\"wpcf7-form-control-wrap\" data-name=\"mfile-511\"><input size=\"40\" class=\"wpcf7-form-control wpcf7-drag-n-drop-file d-none\" aria-invalid=\"false\" type=\"file\" multiple=\"multiple\" data-name=\"mfile-511\" data-type=\"stp|step|dxf|pdf|tif|jpeg|jpg|png|stl|tiff\" data-limit=\"20971520\" data-min=\"1\" data-max=\"10\" data-id=\"4989\" data-version=\"free version 1.3.9.7\" accept=\".stp, .step, .dxf, .pdf, .tif, .jpeg, .jpg, .png, .stl, .tiff\" \/><\/span>\n\n    <p>Erlaubte Dateiformate f\u00fcr den Upload:<\/p>\n    <ul>\n      <li>3D-Modelle: *.STP, *.STEP, *.STL<\/li>\n      <li>Zeichnungen: *.PDF, *.DXF, *.PNG, *.JPG, *.JPEG, *.TIF, *.TIFF<\/li>\n    <\/ul>\n\n    <label>\n      <span class=\"wpcf7-form-control-wrap\" data-name=\"datenschutz\"><span class=\"wpcf7-form-control wpcf7-checkbox wpcf7-validates-as-required\"><span class=\"wpcf7-list-item first last\"><label><input type=\"checkbox\" name=\"datenschutz&#091;&#093;\" value=\"Datenschutzbestimmung gelesen und akzeptiert\" \/><span class=\"wpcf7-list-item-label\">Datenschutzbestimmung gelesen und akzeptiert<\/span><\/label><\/span><\/span><\/span>\n      <a href=\"\/datenschutz\"><strong>Datenschutz:<\/strong><\/a>\n    <\/label>\n\n    <input class=\"wpcf7-form-control wpcf7-submit has-spinner\" type=\"submit\" value=\"Jetzt absenden\" \/>\n  <\/div>\n<\/div><div class=\"wpcf7-response-output\" aria-hidden=\"true\"><\/div>\n<\/form>\n<\/div>\n\n\t\t\t\t<\/div>\n\t\t\t<\/div>\n\t\t\t\t<\/div>\n\t\t\t<\/div><\/p>\n","protected":false},"author":1,"featured_media":0,"parent":393817,"menu_order":0,"comment_status":"closed","ping_status":"closed","template":"","meta":{"_et_pb_use_builder":"on","_et_pb_old_content":"","_et_gb_content_width":"","inline_featured_image":false,"footnotes":""},"class_list":["post-4920","page","type-page","status-publish","hentry"],"yoast_head":"<!-- This site is optimized with the Yoast SEO plugin v27.6 - https:\/\/yoast.com\/product\/yoast-seo-wordpress\/ -->\n<title>SONDERANFERTIGUNG Formular - Theis Feinwerktechnik<\/title>\n<meta name=\"robots\" content=\"index, follow, max-snippet:-1, max-image-preview:large, max-video-preview:-1\" \/>\n<link rel=\"canonical\" href=\"https:\/\/www.theis-feinwerktechnik.de\/funnel\/sonderfertigung\/sonderanfertigung-formular\/\" \/>\n<meta property=\"og:locale\" content=\"de_DE\" \/>\n<meta property=\"og:type\" content=\"article\" \/>\n<meta property=\"og:title\" content=\"SONDERANFERTIGUNG Formular - Theis Feinwerktechnik\" \/>\n<meta property=\"og:description\" content=\"Fast geschafft, letzter Schritt!Teilen Sie uns Ihre Kontaktdaten und Dateien mit \u2013 wir melden uns umgehend bei Ihnen.\" \/>\n<meta property=\"og:url\" content=\"https:\/\/www.theis-feinwerktechnik.de\/funnel\/sonderfertigung\/sonderanfertigung-formular\/\" \/>\n<meta property=\"og:site_name\" content=\"Theis Feinwerktechnik\" \/>\n<meta property=\"article:modified_time\" content=\"2026-02-09T06:43:51+00:00\" \/>\n<meta name=\"twitter:card\" content=\"summary_large_image\" \/>\n<meta name=\"twitter:label1\" content=\"Gesch\u00e4tzte Lesezeit\" \/>\n\t<meta name=\"twitter:data1\" content=\"1\u00a0Minute\" \/>\n<script type=\"application\/ld+json\" class=\"yoast-schema-graph\">{\"@context\":\"https:\\\/\\\/schema.org\",\"@graph\":[{\"@type\":\"WebPage\",\"@id\":\"https:\\\/\\\/www.theis-feinwerktechnik.de\\\/funnel\\\/sonderfertigung\\\/sonderanfertigung-formular\\\/\",\"url\":\"https:\\\/\\\/www.theis-feinwerktechnik.de\\\/funnel\\\/sonderfertigung\\\/sonderanfertigung-formular\\\/\",\"name\":\"SONDERANFERTIGUNG Formular - Theis Feinwerktechnik\",\"isPartOf\":{\"@id\":\"https:\\\/\\\/www.theis-feinwerktechnik.de\\\/funnel\\\/#website\"},\"datePublished\":\"2025-03-13T07:55:41+00:00\",\"dateModified\":\"2026-02-09T06:43:51+00:00\",\"breadcrumb\":{\"@id\":\"https:\\\/\\\/www.theis-feinwerktechnik.de\\\/funnel\\\/sonderfertigung\\\/sonderanfertigung-formular\\\/#breadcrumb\"},\"inLanguage\":\"de\",\"potentialAction\":[{\"@type\":\"ReadAction\",\"target\":[\"https:\\\/\\\/www.theis-feinwerktechnik.de\\\/funnel\\\/sonderfertigung\\\/sonderanfertigung-formular\\\/\"]}]},{\"@type\":\"BreadcrumbList\",\"@id\":\"https:\\\/\\\/www.theis-feinwerktechnik.de\\\/funnel\\\/sonderfertigung\\\/sonderanfertigung-formular\\\/#breadcrumb\",\"itemListElement\":[{\"@type\":\"ListItem\",\"position\":1,\"name\":\"Startseite\",\"item\":\"https:\\\/\\\/www.theis-feinwerktechnik.de\\\/funnel\\\/\"},{\"@type\":\"ListItem\",\"position\":2,\"name\":\"SONDERFERTIGUNG\",\"item\":\"https:\\\/\\\/www.theis-feinwerktechnik.de\\\/funnel\\\/sonderfertigung\\\/\"},{\"@type\":\"ListItem\",\"position\":3,\"name\":\"SONDERANFERTIGUNG Formular\"}]},{\"@type\":\"WebSite\",\"@id\":\"https:\\\/\\\/www.theis-feinwerktechnik.de\\\/funnel\\\/#website\",\"url\":\"https:\\\/\\\/www.theis-feinwerktechnik.de\\\/funnel\\\/\",\"name\":\"Theis Feinwerktechnik\",\"description\":\"\",\"publisher\":{\"@id\":\"https:\\\/\\\/www.theis-feinwerktechnik.de\\\/funnel\\\/#organization\"},\"potentialAction\":[{\"@type\":\"SearchAction\",\"target\":{\"@type\":\"EntryPoint\",\"urlTemplate\":\"https:\\\/\\\/www.theis-feinwerktechnik.de\\\/funnel\\\/?s={search_term_string}\"},\"query-input\":{\"@type\":\"PropertyValueSpecification\",\"valueRequired\":true,\"valueName\":\"search_term_string\"}}],\"inLanguage\":\"de\"},{\"@type\":\"Organization\",\"@id\":\"https:\\\/\\\/www.theis-feinwerktechnik.de\\\/funnel\\\/#organization\",\"name\":\"Theis Feinwerktechnik\",\"url\":\"https:\\\/\\\/www.theis-feinwerktechnik.de\\\/funnel\\\/\",\"logo\":{\"@type\":\"ImageObject\",\"inLanguage\":\"de\",\"@id\":\"https:\\\/\\\/www.theis-feinwerktechnik.de\\\/funnel\\\/#\\\/schema\\\/logo\\\/image\\\/\",\"url\":\"https:\\\/\\\/www.theis-feinwerktechnik.de\\\/funnel\\\/wp-content\\\/uploads\\\/Theis_Logo_black.png\",\"contentUrl\":\"https:\\\/\\\/www.theis-feinwerktechnik.de\\\/funnel\\\/wp-content\\\/uploads\\\/Theis_Logo_black.png\",\"width\":1436,\"height\":1472,\"caption\":\"Theis Feinwerktechnik\"},\"image\":{\"@id\":\"https:\\\/\\\/www.theis-feinwerktechnik.de\\\/funnel\\\/#\\\/schema\\\/logo\\\/image\\\/\"}}]}<\/script>\n<!-- \/ Yoast SEO plugin. -->","yoast_head_json":{"title":"SONDERANFERTIGUNG Formular - Theis Feinwerktechnik","robots":{"index":"index","follow":"follow","max-snippet":"max-snippet:-1","max-image-preview":"max-image-preview:large","max-video-preview":"max-video-preview:-1"},"canonical":"https:\/\/www.theis-feinwerktechnik.de\/funnel\/sonderfertigung\/sonderanfertigung-formular\/","og_locale":"de_DE","og_type":"article","og_title":"SONDERANFERTIGUNG Formular - Theis Feinwerktechnik","og_description":"Fast geschafft, letzter Schritt!Teilen Sie uns Ihre Kontaktdaten und Dateien mit \u2013 wir melden uns umgehend bei Ihnen.","og_url":"https:\/\/www.theis-feinwerktechnik.de\/funnel\/sonderfertigung\/sonderanfertigung-formular\/","og_site_name":"Theis Feinwerktechnik","article_modified_time":"2026-02-09T06:43:51+00:00","twitter_card":"summary_large_image","twitter_misc":{"Gesch\u00e4tzte Lesezeit":"1\u00a0Minute"},"schema":{"@context":"https:\/\/schema.org","@graph":[{"@type":"WebPage","@id":"https:\/\/www.theis-feinwerktechnik.de\/funnel\/sonderfertigung\/sonderanfertigung-formular\/","url":"https:\/\/www.theis-feinwerktechnik.de\/funnel\/sonderfertigung\/sonderanfertigung-formular\/","name":"SONDERANFERTIGUNG Formular - Theis Feinwerktechnik","isPartOf":{"@id":"https:\/\/www.theis-feinwerktechnik.de\/funnel\/#website"},"datePublished":"2025-03-13T07:55:41+00:00","dateModified":"2026-02-09T06:43:51+00:00","breadcrumb":{"@id":"https:\/\/www.theis-feinwerktechnik.de\/funnel\/sonderfertigung\/sonderanfertigung-formular\/#breadcrumb"},"inLanguage":"de","potentialAction":[{"@type":"ReadAction","target":["https:\/\/www.theis-feinwerktechnik.de\/funnel\/sonderfertigung\/sonderanfertigung-formular\/"]}]},{"@type":"BreadcrumbList","@id":"https:\/\/www.theis-feinwerktechnik.de\/funnel\/sonderfertigung\/sonderanfertigung-formular\/#breadcrumb","itemListElement":[{"@type":"ListItem","position":1,"name":"Startseite","item":"https:\/\/www.theis-feinwerktechnik.de\/funnel\/"},{"@type":"ListItem","position":2,"name":"SONDERFERTIGUNG","item":"https:\/\/www.theis-feinwerktechnik.de\/funnel\/sonderfertigung\/"},{"@type":"ListItem","position":3,"name":"SONDERANFERTIGUNG Formular"}]},{"@type":"WebSite","@id":"https:\/\/www.theis-feinwerktechnik.de\/funnel\/#website","url":"https:\/\/www.theis-feinwerktechnik.de\/funnel\/","name":"Theis Feinwerktechnik","description":"","publisher":{"@id":"https:\/\/www.theis-feinwerktechnik.de\/funnel\/#organization"},"potentialAction":[{"@type":"SearchAction","target":{"@type":"EntryPoint","urlTemplate":"https:\/\/www.theis-feinwerktechnik.de\/funnel\/?s={search_term_string}"},"query-input":{"@type":"PropertyValueSpecification","valueRequired":true,"valueName":"search_term_string"}}],"inLanguage":"de"},{"@type":"Organization","@id":"https:\/\/www.theis-feinwerktechnik.de\/funnel\/#organization","name":"Theis Feinwerktechnik","url":"https:\/\/www.theis-feinwerktechnik.de\/funnel\/","logo":{"@type":"ImageObject","inLanguage":"de","@id":"https:\/\/www.theis-feinwerktechnik.de\/funnel\/#\/schema\/logo\/image\/","url":"https:\/\/www.theis-feinwerktechnik.de\/funnel\/wp-content\/uploads\/Theis_Logo_black.png","contentUrl":"https:\/\/www.theis-feinwerktechnik.de\/funnel\/wp-content\/uploads\/Theis_Logo_black.png","width":1436,"height":1472,"caption":"Theis Feinwerktechnik"},"image":{"@id":"https:\/\/www.theis-feinwerktechnik.de\/funnel\/#\/schema\/logo\/image\/"}}]}},"_links":{"self":[{"href":"https:\/\/www.theis-feinwerktechnik.de\/funnel\/wp-json\/wp\/v2\/pages\/4920","targetHints":{"allow":["GET"]}}],"collection":[{"href":"https:\/\/www.theis-feinwerktechnik.de\/funnel\/wp-json\/wp\/v2\/pages"}],"about":[{"href":"https:\/\/www.theis-feinwerktechnik.de\/funnel\/wp-json\/wp\/v2\/types\/page"}],"author":[{"embeddable":true,"href":"https:\/\/www.theis-feinwerktechnik.de\/funnel\/wp-json\/wp\/v2\/users\/1"}],"replies":[{"embeddable":true,"href":"https:\/\/www.theis-feinwerktechnik.de\/funnel\/wp-json\/wp\/v2\/comments?post=4920"}],"version-history":[{"count":0,"href":"https:\/\/www.theis-feinwerktechnik.de\/funnel\/wp-json\/wp\/v2\/pages\/4920\/revisions"}],"up":[{"embeddable":true,"href":"https:\/\/www.theis-feinwerktechnik.de\/funnel\/wp-json\/wp\/v2\/pages\/393817"}],"wp:attachment":[{"href":"https:\/\/www.theis-feinwerktechnik.de\/funnel\/wp-json\/wp\/v2\/media?parent=4920"}],"curies":[{"name":"wp","href":"https:\/\/api.w.org\/{rel}","templated":true}]}}