{"id":4957,"date":"2025-03-13T09:09:06","date_gmt":"2025-03-13T08:09:06","guid":{"rendered":"https:\/\/www.theis-feinwerktechnik.de\/funnel\/?page_id=4957"},"modified":"2026-02-09T07:44:08","modified_gmt":"2026-02-09T06:44:08","slug":"excav-pilot-anfrage","status":"publish","type":"page","link":"https:\/\/www.theis-feinwerktechnik.de\/funnel\/excav-pilot\/excav-pilot-anfrage\/","title":{"rendered":"EXCAV Pilot &#8211; Formular"},"content":{"rendered":"<p>[et_pb_section fb_built=&#8220;1&#8243; _builder_version=&#8220;4.27.4&#8243; _module_preset=&#8220;default&#8220; global_colors_info=&#8220;{}&#8220;][et_pb_row custom_padding_last_edited=&#8220;on|phone&#8220; _builder_version=&#8220;4.27.4&#8243; _module_preset=&#8220;default&#8220; custom_padding_tablet=&#8220;&#8220; custom_padding_phone=&#8220;0px||||false|false&#8220; global_colors_info=&#8220;{}&#8220;][et_pb_column type=&#8220;4_4&#8243; _builder_version=&#8220;4.27.4&#8243; _module_preset=&#8220;default&#8220; global_colors_info=&#8220;{}&#8220;][et_pb_text _builder_version=&#8220;4.27.4&#8243; _module_preset=&#8220;default&#8220; header_font_size_tablet=&#8220;&#8220; header_font_size_phone=&#8220;1.5rem&#8220; header_font_size_last_edited=&#8220;on|phone&#8220; global_colors_info=&#8220;{}&#8220;]<\/p>\n<p style=\"text-align: center;\">Fast geschafft, letzter Schritt!<\/p>\n<h1 style=\"text-align: center;\">Damit wir uns bei Ihnen melden k\u00f6nnen, lassen Sie uns bitte wissen, wie wir Sie am besten erreichen!<\/h1>\n<p>[\/et_pb_text][et_pb_code module_id=&#8220;private-alert&#8220; _builder_version=&#8220;4.21.0&#8243; _module_preset=&#8220;default&#8220; background_color=&#8220;#f06775&#8243; text_orientation=&#8220;center&#8220; width=&#8220;50%&#8220; module_alignment=&#8220;center&#8220; custom_margin=&#8220;1rem|2rem|1rem|2rem|false|false&#8220; custom_padding=&#8220;1rem|2rem|1rem|2rem|false|false&#8220; custom_css_main_element=&#8220;color:white;||font-weight: bold;||display:none;&#8220; global_colors_info=&#8220;{}&#8220; locked=&#8220;off&#8220;]<\/p>\n<div><!-- [et_pb_line_break_holder] -->  <pee><!-- [et_pb_line_break_holder] -->    Vielen Dank f\u00fcr Ihre Anfrage. Leider m\u00fcssen wir Ihnen mitteilen, dass dieses Produkt ausschlie\u00dflich f\u00fcr den gewerblichen Einsatz vorgesehen ist.<!-- [et_pb_line_break_holder] -->  <\/pee><!-- [et_pb_line_break_holder] --><\/div>\n<p>[\/et_pb_code][\/et_pb_column][\/et_pb_row][et_pb_row custom_padding_last_edited=&#8220;on|phone&#8220; _builder_version=&#8220;4.27.4&#8243; _module_preset=&#8220;default&#8220; max_width=&#8220;367px&#8220; custom_padding_tablet=&#8220;&#8220; custom_padding_phone=&#8220;0px||||false|false&#8220; global_colors_info=&#8220;{}&#8220;][et_pb_column type=&#8220;4_4&#8243; _builder_version=&#8220;4.27.4&#8243; _module_preset=&#8220;default&#8220; global_colors_info=&#8220;{}&#8220;][et_pb_contact_form captcha=&#8220;off&#8220; email=&#8220;dederich@theis-feinwerktechnik.de,d-theis@theis-feinwerktechnik.de&#8220; custom_message=&#8220;Neue Anfrage \u00fcber Funnel %22EXCAV Pilot%22:||et_pb_line_break_holder||||et_pb_line_break_holder||Name: %%Name%%||et_pb_line_break_holder||E-Mail Adresse: %%Email%%||et_pb_line_break_holder||Firma: %%Firma%%||et_pb_line_break_holder||Bundesland: %%Bundesland%%||et_pb_line_break_holder||Telefonnummer: %%Telefonnummer%%||et_pb_line_break_holder||Haben Sie bereits Maschinenassistenzsysteme\/ Maschinensteuerungen im Einsatz?: %%Frage1%%||et_pb_line_break_holder||In welcher Branche m\u00f6chten Sie das System nutzen?: %%Frage2%%||et_pb_line_break_holder||F\u00fcr welchen Typ Baumaschine ist die Verwendung geplant? %%Frage3%%||et_pb_line_break_holder||Datenschutz: %%Datenschutz%%&#8220; success_message=&#8220;Wir haben Ihre Anfrage erhalten!&#8220; submit_button_text=&#8220;Jetzt absenden&#8220; _builder_version=&#8220;4.27.4&#8243; _module_preset=&#8220;default&#8220; _unique_id=&#8220;ed2d4b27-855e-405e-b1d4-f2ed094437b5&#8243; custom_button=&#8220;on&#8220; button_text_color=&#8220;#FFFFFF&#8220; button_bg_color=&#8220;#F39323&#8243; button_border_radius=&#8220;10px&#8220; button_use_icon=&#8220;off&#8220; text_orientation=&#8220;left&#8220; global_colors_info=&#8220;{}&#8220; button_bg_color__hover=&#8220;#fbb15b&#8220; button_bg_color__hover_enabled=&#8220;on|hover&#8220; button_bg_enable_color__hover=&#8220;on&#8220;][et_pb_contact_field field_id=&#8220;Name&#8220; field_title=&#8220;Ihr Name*&#8220; fullwidth_field=&#8220;on&#8220; _builder_version=&#8220;4.27.4&#8243; global_colors_info=&#8220;{}&#8220; button_text_size__hover_enabled=&#8220;off&#8220; button_one_text_size__hover_enabled=&#8220;off&#8220; button_two_text_size__hover_enabled=&#8220;off&#8220; button_text_color__hover_enabled=&#8220;off&#8220; button_one_text_color__hover_enabled=&#8220;off&#8220; button_two_text_color__hover_enabled=&#8220;off&#8220; button_border_width__hover_enabled=&#8220;off&#8220; button_one_border_width__hover_enabled=&#8220;off&#8220; button_two_border_width__hover_enabled=&#8220;off&#8220; button_border_color__hover_enabled=&#8220;off&#8220; button_one_border_color__hover_enabled=&#8220;off&#8220; button_two_border_color__hover_enabled=&#8220;off&#8220; button_border_radius__hover_enabled=&#8220;off&#8220; button_one_border_radius__hover_enabled=&#8220;off&#8220; button_two_border_radius__hover_enabled=&#8220;off&#8220; button_letter_spacing__hover_enabled=&#8220;off&#8220; button_one_letter_spacing__hover_enabled=&#8220;off&#8220; button_two_letter_spacing__hover_enabled=&#8220;off&#8220; button_bg_color__hover_enabled=&#8220;off&#8220; button_one_bg_color__hover_enabled=&#8220;off&#8220; button_two_bg_color__hover_enabled=&#8220;off&#8220;][\/et_pb_contact_field][et_pb_contact_field field_id=&#8220;Email&#8220; field_title=&#8220;Ihre E-Mail Adresse*&#8220; field_type=&#8220;email&#8220; fullwidth_field=&#8220;on&#8220; _builder_version=&#8220;4.27.4&#8243; global_colors_info=&#8220;{}&#8220; button_text_size__hover_enabled=&#8220;off&#8220; button_one_text_size__hover_enabled=&#8220;off&#8220; button_two_text_size__hover_enabled=&#8220;off&#8220; button_text_color__hover_enabled=&#8220;off&#8220; button_one_text_color__hover_enabled=&#8220;off&#8220; button_two_text_color__hover_enabled=&#8220;off&#8220; button_border_width__hover_enabled=&#8220;off&#8220; button_one_border_width__hover_enabled=&#8220;off&#8220; button_two_border_width__hover_enabled=&#8220;off&#8220; button_border_color__hover_enabled=&#8220;off&#8220; button_one_border_color__hover_enabled=&#8220;off&#8220; button_two_border_color__hover_enabled=&#8220;off&#8220; button_border_radius__hover_enabled=&#8220;off&#8220; button_one_border_radius__hover_enabled=&#8220;off&#8220; button_two_border_radius__hover_enabled=&#8220;off&#8220; button_letter_spacing__hover_enabled=&#8220;off&#8220; button_one_letter_spacing__hover_enabled=&#8220;off&#8220; button_two_letter_spacing__hover_enabled=&#8220;off&#8220; button_bg_color__hover_enabled=&#8220;off&#8220; button_one_bg_color__hover_enabled=&#8220;off&#8220; button_two_bg_color__hover_enabled=&#8220;off&#8220;][\/et_pb_contact_field][et_pb_contact_field field_id=&#8220;Firma&#8220; field_title=&#8220;Firma*&#8220; fullwidth_field=&#8220;on&#8220; _builder_version=&#8220;4.27.4&#8243; global_colors_info=&#8220;{}&#8220; button_text_size__hover_enabled=&#8220;off&#8220; button_one_text_size__hover_enabled=&#8220;off&#8220; button_two_text_size__hover_enabled=&#8220;off&#8220; button_text_color__hover_enabled=&#8220;off&#8220; button_one_text_color__hover_enabled=&#8220;off&#8220; button_two_text_color__hover_enabled=&#8220;off&#8220; button_border_width__hover_enabled=&#8220;off&#8220; button_one_border_width__hover_enabled=&#8220;off&#8220; button_two_border_width__hover_enabled=&#8220;off&#8220; button_border_color__hover_enabled=&#8220;off&#8220; button_one_border_color__hover_enabled=&#8220;off&#8220; button_two_border_color__hover_enabled=&#8220;off&#8220; button_border_radius__hover_enabled=&#8220;off&#8220; button_one_border_radius__hover_enabled=&#8220;off&#8220; button_two_border_radius__hover_enabled=&#8220;off&#8220; button_letter_spacing__hover_enabled=&#8220;off&#8220; button_one_letter_spacing__hover_enabled=&#8220;off&#8220; button_two_letter_spacing__hover_enabled=&#8220;off&#8220; button_bg_color__hover_enabled=&#8220;off&#8220; button_one_bg_color__hover_enabled=&#8220;off&#8220; button_two_bg_color__hover_enabled=&#8220;off&#8220;][\/et_pb_contact_field][et_pb_contact_field field_id=&#8220;Bundesland&#8220; field_title=&#8220;Bundesland (optional)&#8220; required_mark=&#8220;off&#8220; fullwidth_field=&#8220;on&#8220; _builder_version=&#8220;4.27.4&#8243; _module_preset=&#8220;default&#8220; global_colors_info=&#8220;{}&#8220;][\/et_pb_contact_field][et_pb_contact_field field_id=&#8220;Telefonnummer&#8220; field_title=&#8220;Ihre Telefonnummer (optional)&#8220; required_mark=&#8220;off&#8220; fullwidth_field=&#8220;on&#8220; _builder_version=&#8220;4.27.4&#8243; _module_preset=&#8220;default&#8220; global_colors_info=&#8220;{}&#8220;][\/et_pb_contact_field][et_pb_contact_field field_id=&#8220;Frage1&#8243; field_title=&#8220;Frage 1&#8243; required_mark=&#8220;off&#8220; fullwidth_field=&#8220;on&#8220; _builder_version=&#8220;4.27.4&#8243; _module_preset=&#8220;default&#8220; global_colors_info=&#8220;{}&#8220;][\/et_pb_contact_field][et_pb_contact_field field_id=&#8220;Frage2&#8243; field_title=&#8220;Frage 2&#8243; required_mark=&#8220;off&#8220; fullwidth_field=&#8220;on&#8220; _builder_version=&#8220;4.27.4&#8243; _module_preset=&#8220;default&#8220; global_colors_info=&#8220;{}&#8220;][\/et_pb_contact_field][et_pb_contact_field field_id=&#8220;Frage3&#8243; field_title=&#8220;Frage 3&#8243; required_mark=&#8220;off&#8220; fullwidth_field=&#8220;on&#8220; _builder_version=&#8220;4.27.4&#8243; _module_preset=&#8220;default&#8220; global_colors_info=&#8220;{}&#8220;][\/et_pb_contact_field][et_pb_contact_field field_id=&#8220;Datenschutz&#8220; field_title=&#8220;Datenschutz&#8220; field_type=&#8220;checkbox&#8220; checkbox_options=&#8220;%91{%22value%22:%22<a href=%92%22\/datenschutz%92%22 data-et-target-link=%92%22_blank%92%22>Datenschutzbestimmungen<\/a> gelesen und akzeptiert%22,%22checked%22:0,%22dragID%22:-1}%93&#8243; fullwidth_field=&#8220;on&#8220; _builder_version=&#8220;4.27.4&#8243; _module_preset=&#8220;default&#8220; global_colors_info=&#8220;{}&#8220;][\/et_pb_contact_field][\/et_pb_contact_form][\/et_pb_column][\/et_pb_row][\/et_pb_section]<\/p>\n","protected":false},"excerpt":{"rendered":"<p>Fast geschafft, letzter Schritt! Damit wir uns bei Ihnen melden k\u00f6nnen, lassen Sie uns bitte wissen, wie wir Sie am besten erreichen!<\/p>\n","protected":false},"author":1,"featured_media":0,"parent":385335,"menu_order":0,"comment_status":"closed","ping_status":"closed","template":"","meta":{"_et_pb_use_builder":"on","_et_pb_old_content":"","_et_gb_content_width":"","inline_featured_image":false,"footnotes":""},"class_list":["post-4957","page","type-page","status-publish","hentry"],"yoast_head":"<!-- This site is optimized with the Yoast SEO plugin v27.6 - https:\/\/yoast.com\/product\/yoast-seo-wordpress\/ -->\n<title>EXCAV Pilot - Formular - Theis Feinwerktechnik<\/title>\n<meta name=\"robots\" content=\"index, follow, max-snippet:-1, max-image-preview:large, max-video-preview:-1\" \/>\n<link rel=\"canonical\" href=\"https:\/\/www.theis-feinwerktechnik.de\/funnel\/excav-pilot\/excav-pilot-anfrage\/\" \/>\n<meta property=\"og:locale\" content=\"de_DE\" \/>\n<meta property=\"og:type\" content=\"article\" \/>\n<meta property=\"og:title\" content=\"EXCAV Pilot - Formular - Theis Feinwerktechnik\" \/>\n<meta property=\"og:description\" content=\"Fast geschafft, letzter Schritt! Damit wir uns bei Ihnen melden k\u00f6nnen, lassen Sie uns bitte wissen, wie wir Sie am besten erreichen!\" \/>\n<meta property=\"og:url\" content=\"https:\/\/www.theis-feinwerktechnik.de\/funnel\/excav-pilot\/excav-pilot-anfrage\/\" \/>\n<meta property=\"og:site_name\" content=\"Theis Feinwerktechnik\" \/>\n<meta property=\"article:modified_time\" content=\"2026-02-09T06:44:08+00:00\" \/>\n<meta name=\"twitter:card\" content=\"summary_large_image\" \/>\n<meta name=\"twitter:label1\" content=\"Gesch\u00e4tzte Lesezeit\" \/>\n\t<meta name=\"twitter:data1\" content=\"1\u00a0Minute\" \/>\n<script type=\"application\/ld+json\" class=\"yoast-schema-graph\">{\"@context\":\"https:\\\/\\\/schema.org\",\"@graph\":[{\"@type\":\"WebPage\",\"@id\":\"https:\\\/\\\/www.theis-feinwerktechnik.de\\\/funnel\\\/excav-pilot\\\/excav-pilot-anfrage\\\/\",\"url\":\"https:\\\/\\\/www.theis-feinwerktechnik.de\\\/funnel\\\/excav-pilot\\\/excav-pilot-anfrage\\\/\",\"name\":\"EXCAV Pilot - Formular - Theis Feinwerktechnik\",\"isPartOf\":{\"@id\":\"https:\\\/\\\/www.theis-feinwerktechnik.de\\\/funnel\\\/#website\"},\"datePublished\":\"2025-03-13T08:09:06+00:00\",\"dateModified\":\"2026-02-09T06:44:08+00:00\",\"breadcrumb\":{\"@id\":\"https:\\\/\\\/www.theis-feinwerktechnik.de\\\/funnel\\\/excav-pilot\\\/excav-pilot-anfrage\\\/#breadcrumb\"},\"inLanguage\":\"de\",\"potentialAction\":[{\"@type\":\"ReadAction\",\"target\":[\"https:\\\/\\\/www.theis-feinwerktechnik.de\\\/funnel\\\/excav-pilot\\\/excav-pilot-anfrage\\\/\"]}]},{\"@type\":\"BreadcrumbList\",\"@id\":\"https:\\\/\\\/www.theis-feinwerktechnik.de\\\/funnel\\\/excav-pilot\\\/excav-pilot-anfrage\\\/#breadcrumb\",\"itemListElement\":[{\"@type\":\"ListItem\",\"position\":1,\"name\":\"Startseite\",\"item\":\"https:\\\/\\\/www.theis-feinwerktechnik.de\\\/funnel\\\/\"},{\"@type\":\"ListItem\",\"position\":2,\"name\":\"EXCAV Pilot\",\"item\":\"https:\\\/\\\/www.theis-feinwerktechnik.de\\\/funnel\\\/excav-pilot\\\/\"},{\"@type\":\"ListItem\",\"position\":3,\"name\":\"EXCAV Pilot &#8211; Formular\"}]},{\"@type\":\"WebSite\",\"@id\":\"https:\\\/\\\/www.theis-feinwerktechnik.de\\\/funnel\\\/#website\",\"url\":\"https:\\\/\\\/www.theis-feinwerktechnik.de\\\/funnel\\\/\",\"name\":\"Theis Feinwerktechnik\",\"description\":\"\",\"publisher\":{\"@id\":\"https:\\\/\\\/www.theis-feinwerktechnik.de\\\/funnel\\\/#organization\"},\"potentialAction\":[{\"@type\":\"SearchAction\",\"target\":{\"@type\":\"EntryPoint\",\"urlTemplate\":\"https:\\\/\\\/www.theis-feinwerktechnik.de\\\/funnel\\\/?s={search_term_string}\"},\"query-input\":{\"@type\":\"PropertyValueSpecification\",\"valueRequired\":true,\"valueName\":\"search_term_string\"}}],\"inLanguage\":\"de\"},{\"@type\":\"Organization\",\"@id\":\"https:\\\/\\\/www.theis-feinwerktechnik.de\\\/funnel\\\/#organization\",\"name\":\"Theis Feinwerktechnik\",\"url\":\"https:\\\/\\\/www.theis-feinwerktechnik.de\\\/funnel\\\/\",\"logo\":{\"@type\":\"ImageObject\",\"inLanguage\":\"de\",\"@id\":\"https:\\\/\\\/www.theis-feinwerktechnik.de\\\/funnel\\\/#\\\/schema\\\/logo\\\/image\\\/\",\"url\":\"https:\\\/\\\/www.theis-feinwerktechnik.de\\\/funnel\\\/wp-content\\\/uploads\\\/Theis_Logo_black.png\",\"contentUrl\":\"https:\\\/\\\/www.theis-feinwerktechnik.de\\\/funnel\\\/wp-content\\\/uploads\\\/Theis_Logo_black.png\",\"width\":1436,\"height\":1472,\"caption\":\"Theis Feinwerktechnik\"},\"image\":{\"@id\":\"https:\\\/\\\/www.theis-feinwerktechnik.de\\\/funnel\\\/#\\\/schema\\\/logo\\\/image\\\/\"}}]}<\/script>\n<!-- \/ Yoast SEO plugin. -->","yoast_head_json":{"title":"EXCAV Pilot - Formular - Theis Feinwerktechnik","robots":{"index":"index","follow":"follow","max-snippet":"max-snippet:-1","max-image-preview":"max-image-preview:large","max-video-preview":"max-video-preview:-1"},"canonical":"https:\/\/www.theis-feinwerktechnik.de\/funnel\/excav-pilot\/excav-pilot-anfrage\/","og_locale":"de_DE","og_type":"article","og_title":"EXCAV Pilot - Formular - Theis Feinwerktechnik","og_description":"Fast geschafft, letzter Schritt! Damit wir uns bei Ihnen melden k\u00f6nnen, lassen Sie uns bitte wissen, wie wir Sie am besten erreichen!","og_url":"https:\/\/www.theis-feinwerktechnik.de\/funnel\/excav-pilot\/excav-pilot-anfrage\/","og_site_name":"Theis Feinwerktechnik","article_modified_time":"2026-02-09T06:44:08+00:00","twitter_card":"summary_large_image","twitter_misc":{"Gesch\u00e4tzte Lesezeit":"1\u00a0Minute"},"schema":{"@context":"https:\/\/schema.org","@graph":[{"@type":"WebPage","@id":"https:\/\/www.theis-feinwerktechnik.de\/funnel\/excav-pilot\/excav-pilot-anfrage\/","url":"https:\/\/www.theis-feinwerktechnik.de\/funnel\/excav-pilot\/excav-pilot-anfrage\/","name":"EXCAV Pilot - Formular - Theis Feinwerktechnik","isPartOf":{"@id":"https:\/\/www.theis-feinwerktechnik.de\/funnel\/#website"},"datePublished":"2025-03-13T08:09:06+00:00","dateModified":"2026-02-09T06:44:08+00:00","breadcrumb":{"@id":"https:\/\/www.theis-feinwerktechnik.de\/funnel\/excav-pilot\/excav-pilot-anfrage\/#breadcrumb"},"inLanguage":"de","potentialAction":[{"@type":"ReadAction","target":["https:\/\/www.theis-feinwerktechnik.de\/funnel\/excav-pilot\/excav-pilot-anfrage\/"]}]},{"@type":"BreadcrumbList","@id":"https:\/\/www.theis-feinwerktechnik.de\/funnel\/excav-pilot\/excav-pilot-anfrage\/#breadcrumb","itemListElement":[{"@type":"ListItem","position":1,"name":"Startseite","item":"https:\/\/www.theis-feinwerktechnik.de\/funnel\/"},{"@type":"ListItem","position":2,"name":"EXCAV Pilot","item":"https:\/\/www.theis-feinwerktechnik.de\/funnel\/excav-pilot\/"},{"@type":"ListItem","position":3,"name":"EXCAV Pilot &#8211; Formular"}]},{"@type":"WebSite","@id":"https:\/\/www.theis-feinwerktechnik.de\/funnel\/#website","url":"https:\/\/www.theis-feinwerktechnik.de\/funnel\/","name":"Theis Feinwerktechnik","description":"","publisher":{"@id":"https:\/\/www.theis-feinwerktechnik.de\/funnel\/#organization"},"potentialAction":[{"@type":"SearchAction","target":{"@type":"EntryPoint","urlTemplate":"https:\/\/www.theis-feinwerktechnik.de\/funnel\/?s={search_term_string}"},"query-input":{"@type":"PropertyValueSpecification","valueRequired":true,"valueName":"search_term_string"}}],"inLanguage":"de"},{"@type":"Organization","@id":"https:\/\/www.theis-feinwerktechnik.de\/funnel\/#organization","name":"Theis Feinwerktechnik","url":"https:\/\/www.theis-feinwerktechnik.de\/funnel\/","logo":{"@type":"ImageObject","inLanguage":"de","@id":"https:\/\/www.theis-feinwerktechnik.de\/funnel\/#\/schema\/logo\/image\/","url":"https:\/\/www.theis-feinwerktechnik.de\/funnel\/wp-content\/uploads\/Theis_Logo_black.png","contentUrl":"https:\/\/www.theis-feinwerktechnik.de\/funnel\/wp-content\/uploads\/Theis_Logo_black.png","width":1436,"height":1472,"caption":"Theis Feinwerktechnik"},"image":{"@id":"https:\/\/www.theis-feinwerktechnik.de\/funnel\/#\/schema\/logo\/image\/"}}]}},"_links":{"self":[{"href":"https:\/\/www.theis-feinwerktechnik.de\/funnel\/wp-json\/wp\/v2\/pages\/4957","targetHints":{"allow":["GET"]}}],"collection":[{"href":"https:\/\/www.theis-feinwerktechnik.de\/funnel\/wp-json\/wp\/v2\/pages"}],"about":[{"href":"https:\/\/www.theis-feinwerktechnik.de\/funnel\/wp-json\/wp\/v2\/types\/page"}],"author":[{"embeddable":true,"href":"https:\/\/www.theis-feinwerktechnik.de\/funnel\/wp-json\/wp\/v2\/users\/1"}],"replies":[{"embeddable":true,"href":"https:\/\/www.theis-feinwerktechnik.de\/funnel\/wp-json\/wp\/v2\/comments?post=4957"}],"version-history":[{"count":0,"href":"https:\/\/www.theis-feinwerktechnik.de\/funnel\/wp-json\/wp\/v2\/pages\/4957\/revisions"}],"up":[{"embeddable":true,"href":"https:\/\/www.theis-feinwerktechnik.de\/funnel\/wp-json\/wp\/v2\/pages\/385335"}],"wp:attachment":[{"href":"https:\/\/www.theis-feinwerktechnik.de\/funnel\/wp-json\/wp\/v2\/media?parent=4957"}],"curies":[{"name":"wp","href":"https:\/\/api.w.org\/{rel}","templated":true}]}}